{"id":91,"date":"2025-03-04T11:53:38","date_gmt":"2025-03-04T16:53:38","guid":{"rendered":"https:\/\/cofradia-nsp.com.co\/?page_id=91"},"modified":"2025-03-04T12:27:21","modified_gmt":"2025-03-04T17:27:21","slug":"documentos","status":"publish","type":"page","link":"https:\/\/cofradia-nsp.com.co\/index.php\/documentos\/","title":{"rendered":"Documentos"},"content":{"rendered":"\n<p class=\"has-black-color has-text-color has-link-color wp-elements-f3034e99a9993b09bbcaac718e79a5f7\">Los siguientes son los diferentes documentos que se disponen en la Cofrad\u00eda. <\/p>\n\n\n\n<p><strong>Reglamento<\/strong><\/p>\n\n\n\n<div class=\"wp-block-file alignleft\"><a href=\"https:\/\/cofradia-nsp.com.co\/wp-content\/uploads\/2025\/03\/Estatuto-Reglamento.pdf\" class=\"wp-block-file__button wp-element-button\" download>Descargar<\/a><\/div>\n\n\n\n<p class=\"has-black-color has-text-color has-link-color wp-elements-50e761207df5411e802ae10e0cb987ea\">El presente reglamento fue aprobado en la Asamblea General de la Cofrad\u00eda el 29 de junio de 2017.<\/p>\n\n\n\n<p class=\"has-black-color has-text-color has-link-color wp-elements-7359c810f559266bb8833bc4e46d5baa\"><strong>Solicitud Ingreso Cofrad\u00eda Mayor<\/strong><\/p>\n\n\n\n<div class=\"wp-block-file alignleft\"><a href=\"https:\/\/cofradia-nsp.com.co\/wp-content\/uploads\/2025\/03\/SOLICITUD-DE-INGRESO-MAYORES.pdf\" class=\"wp-block-file__button wp-element-button\" download>Descargar<\/a><\/div>\n\n\n\n<p class=\"has-black-color has-text-color has-link-color wp-elements-8db441ed09e44073ca5d13ccb300190c\">La solicitud de ingreso a la Cofrad\u00eda Mayor debe ser diligenciada en su totalidad y enviada al correo info@cofradia-nsp.com.co<\/p>\n","protected":false},"excerpt":{"rendered":"<p>Los siguientes son los diferentes documentos que se disponen en la Cofrad\u00eda. Reglamento El presente reglamento fue aprobado en la Asamblea General de la Cofrad\u00eda el 29 de junio de 2017. Solicitud Ingreso Cofrad\u00eda Mayor La solicitud de ingreso a la Cofrad\u00eda Mayor debe ser diligenciada en su totalidad y enviada al correo info@cofradia-nsp.com.co<\/p>\n","protected":false},"author":1,"featured_media":0,"parent":0,"menu_order":0,"comment_status":"closed","ping_status":"closed","template":"","meta":{"footnotes":""},"class_list":["post-91","page","type-page","status-publish","hentry"],"_links":{"self":[{"href":"https:\/\/cofradia-nsp.com.co\/index.php\/wp-json\/wp\/v2\/pages\/91","targetHints":{"allow":["GET"]}}],"collection":[{"href":"https:\/\/cofradia-nsp.com.co\/index.php\/wp-json\/wp\/v2\/pages"}],"about":[{"href":"https:\/\/cofradia-nsp.com.co\/index.php\/wp-json\/wp\/v2\/types\/page"}],"author":[{"embeddable":true,"href":"https:\/\/cofradia-nsp.com.co\/index.php\/wp-json\/wp\/v2\/users\/1"}],"replies":[{"embeddable":true,"href":"https:\/\/cofradia-nsp.com.co\/index.php\/wp-json\/wp\/v2\/comments?post=91"}],"version-history":[{"count":5,"href":"https:\/\/cofradia-nsp.com.co\/index.php\/wp-json\/wp\/v2\/pages\/91\/revisions"}],"predecessor-version":[{"id":109,"href":"https:\/\/cofradia-nsp.com.co\/index.php\/wp-json\/wp\/v2\/pages\/91\/revisions\/109"}],"wp:attachment":[{"href":"https:\/\/cofradia-nsp.com.co\/index.php\/wp-json\/wp\/v2\/media?parent=91"}],"curies":[{"name":"wp","href":"https:\/\/api.w.org\/{rel}","templated":true}]}}